{"id":145,"date":"2025-01-19T20:25:01","date_gmt":"2025-01-19T17:25:01","guid":{"rendered":"https:\/\/new.kantechtarim.com\/?page_id=145"},"modified":"2025-01-19T21:32:13","modified_gmt":"2025-01-19T18:32:13","slug":"kariyer","status":"publish","type":"page","link":"https:\/\/destechsunucu.com\/kantechtarim\/kariyer\/","title":{"rendered":"Kariyer"},"content":{"rendered":"\t\t<div data-elementor-type=\"wp-page\" data-elementor-id=\"145\" class=\"elementor elementor-145\" data-elementor-post-type=\"page\">\n\t\t\t\t\t\t<section class=\"elementor-section elementor-top-section elementor-element elementor-element-682f42f elementor-section-full_width elementor-section-height-min-height elementor-section-height-default elementor-section-items-middle\" data-id=\"682f42f\" data-element_type=\"section\" data-settings=\"{&quot;background_background&quot;:&quot;classic&quot;}\">\n\t\t\t\t\t\t\t<div class=\"elementor-background-overlay\"><\/div>\n\t\t\t\t\t\t\t<div class=\"elementor-container elementor-column-gap-default\">\n\t\t\t\t\t<div class=\"elementor-column elementor-col-100 elementor-top-column elementor-element elementor-element-5c392dc1\" data-id=\"5c392dc1\" data-element_type=\"column\">\n\t\t\t<div class=\"elementor-widget-wrap elementor-element-populated\">\n\t\t\t\t\t\t<section class=\"elementor-section elementor-inner-section elementor-element elementor-element-3583da53 elementor-section-boxed elementor-section-height-default elementor-section-height-default\" data-id=\"3583da53\" data-element_type=\"section\">\n\t\t\t\t\t\t<div class=\"elementor-container elementor-column-gap-default\">\n\t\t\t\t\t<div class=\"elementor-column elementor-col-100 elementor-inner-column elementor-element elementor-element-40a31b96\" data-id=\"40a31b96\" data-element_type=\"column\">\n\t\t\t<div class=\"elementor-widget-wrap elementor-element-populated\">\n\t\t\t\t\t\t<div class=\"elementor-element elementor-element-7dc89d53 elementor-widget elementor-widget-heading\" data-id=\"7dc89d53\" data-element_type=\"widget\" data-widget_type=\"heading.default\">\n\t\t\t\t<div class=\"elementor-widget-container\">\n\t\t\t\t\t<h1 class=\"elementor-heading-title elementor-size-default\">Kariyer<\/h1>\t\t\t\t<\/div>\n\t\t\t\t<\/div>\n\t\t\t\t\t<\/div>\n\t\t<\/div>\n\t\t\t\t\t<\/div>\n\t\t<\/section>\n\t\t\t\t\t<\/div>\n\t\t<\/div>\n\t\t\t\t\t<\/div>\n\t\t<\/section>\n\t\t\t\t<section class=\"elementor-section elementor-top-section elementor-element elementor-element-6a05556 elementor-section-boxed elementor-section-height-default elementor-section-height-default\" data-id=\"6a05556\" data-element_type=\"section\">\n\t\t\t\t\t\t<div class=\"elementor-container elementor-column-gap-default\">\n\t\t\t\t\t<div class=\"elementor-column elementor-col-100 elementor-top-column elementor-element elementor-element-5cd2572c\" data-id=\"5cd2572c\" data-element_type=\"column\">\n\t\t\t<div class=\"elementor-widget-wrap elementor-element-populated\">\n\t\t\t\t\t\t<div class=\"elementor-element elementor-element-540e41f7 elementor-widget elementor-widget-elementskit-heading\" data-id=\"540e41f7\" data-element_type=\"widget\" data-widget_type=\"elementskit-heading.default\">\n\t\t\t\t<div class=\"elementor-widget-container\">\n\t\t\t\t\t<div class=\"ekit-wid-con\" ><div class=\"ekit-heading elementskit-section-title-wraper text_center   ekit_heading_tablet-   ekit_heading_mobile-\"><h3 class=\"ekit-heading--title elementskit-section-title \"><span><span>Kariyerinizde<\/span><\/span> Yeni Bir Ad\u0131m At\u0131n!<\/h3>\t\t\t\t<div class='ekit-heading__description'>\n\t\t\t\t\t<p><em>Kantech Tar\u0131m olarak, ba\u015far\u0131lar\u0131m\u0131z\u0131n arkas\u0131nda her zaman \u00e7al\u0131\u015fanlar\u0131m\u0131z\u0131n yetene\u011fi ve tutkusu oldu\u011funu biliyoruz. \u0130nsan \u00e7e\u015fitlili\u011fini ve yenilik\u00e7i d\u00fc\u015f\u00fcnceyi destekleyen bir organizasyon k\u00fclt\u00fcr\u00fcyle, i\u015f hayat\u0131n\u0131zda fark yaratmak i\u00e7in do\u011fru yerdesiniz!<\/em><\/p>\n\t\t\t\t<\/div>\n\t\t\t<div class=\"ekit_heading_separetor_wraper ekit_heading_elementskit-border-divider elementskit-style-long\"><div class=\"elementskit-border-divider elementskit-style-long\"><\/div><\/div><\/div><\/div>\t\t\t\t<\/div>\n\t\t\t\t<\/div>\n\t\t\t\t\t<\/div>\n\t\t<\/div>\n\t\t\t\t\t<\/div>\n\t\t<\/section>\n\t\t\t\t<section class=\"elementor-section elementor-top-section elementor-element elementor-element-6308aed elementor-section-boxed elementor-section-height-default elementor-section-height-default\" data-id=\"6308aed\" data-element_type=\"section\">\n\t\t\t\t\t\t<div class=\"elementor-container elementor-column-gap-default\">\n\t\t\t\t\t<div class=\"elementor-column elementor-col-25 elementor-top-column elementor-element elementor-element-744895f\" data-id=\"744895f\" data-element_type=\"column\">\n\t\t\t<div class=\"elementor-widget-wrap elementor-element-populated\">\n\t\t\t\t\t\t<div class=\"elementor-element elementor-element-66345ce ekit-equal-height-disable elementor-widget elementor-widget-elementskit-icon-box\" data-id=\"66345ce\" data-element_type=\"widget\" data-widget_type=\"elementskit-icon-box.default\">\n\t\t\t\t<div class=\"elementor-widget-container\">\n\t\t\t\t\t<div class=\"ekit-wid-con\" >        <!-- link opening -->\n                <!-- end link opening -->\n\n        <div class=\"elementskit-infobox text-left text- icon-lef-right-aligin elementor-animation-  gradient-active  hover_from_left\">\n                        <div class=\"box-body\">\n                            <h5 class=\"elementskit-info-box-title\">\n                    \u00c7e\u015fitlilik ve Dahil Edicilik                <\/h5>\n                        \t\t  \t<p>Farkl\u0131 bak\u0131\u015f a\u00e7\u0131lar\u0131 ve fikirlerin bir araya geldi\u011fi bir ekip olu\u015fturuyoruz. <br> <br><\/p>\n                                <\/div>\n        \n        \n                <\/div>\n        <\/div>\t\t\t\t<\/div>\n\t\t\t\t<\/div>\n\t\t\t\t\t<\/div>\n\t\t<\/div>\n\t\t\t\t<div class=\"elementor-column elementor-col-25 elementor-top-column elementor-element elementor-element-6db5d4f\" data-id=\"6db5d4f\" data-element_type=\"column\">\n\t\t\t<div class=\"elementor-widget-wrap elementor-element-populated\">\n\t\t\t\t\t\t<div class=\"elementor-element elementor-element-20517e5 ekit-equal-height-disable elementor-widget elementor-widget-elementskit-icon-box\" data-id=\"20517e5\" data-element_type=\"widget\" data-widget_type=\"elementskit-icon-box.default\">\n\t\t\t\t<div class=\"elementor-widget-container\">\n\t\t\t\t\t<div class=\"ekit-wid-con\" >        <!-- link opening -->\n                <!-- end link opening -->\n\n        <div class=\"elementskit-infobox text-left text- icon-lef-right-aligin elementor-animation-  gradient-active  hover_from_left\">\n                        <div class=\"box-body\">\n                            <h5 class=\"elementskit-info-box-title\">\n                    Liyakat ve \u015eeffafl\u0131k                <\/h5>\n                        \t\t  \t<p>Hak edilenin kar\u015f\u0131l\u0131k buldu\u011fu, adil bir \u00e7al\u0131\u015fma ortam\u0131 sunuyoruz. <br> <br><\/p>\n                                <\/div>\n        \n        \n                <\/div>\n        <\/div>\t\t\t\t<\/div>\n\t\t\t\t<\/div>\n\t\t\t\t\t<\/div>\n\t\t<\/div>\n\t\t\t\t<div class=\"elementor-column elementor-col-25 elementor-top-column elementor-element elementor-element-51108c2\" data-id=\"51108c2\" data-element_type=\"column\">\n\t\t\t<div class=\"elementor-widget-wrap elementor-element-populated\">\n\t\t\t\t\t\t<div class=\"elementor-element elementor-element-43c9d2e ekit-equal-height-disable elementor-widget elementor-widget-elementskit-icon-box\" data-id=\"43c9d2e\" data-element_type=\"widget\" data-widget_type=\"elementskit-icon-box.default\">\n\t\t\t\t<div class=\"elementor-widget-container\">\n\t\t\t\t\t<div class=\"ekit-wid-con\" >        <!-- link opening -->\n                <!-- end link opening -->\n\n        <div class=\"elementskit-infobox text-left text- icon-lef-right-aligin elementor-animation-  gradient-active  hover_from_left\">\n                        <div class=\"box-body\">\n                            <h5 class=\"elementskit-info-box-title\">\n                    S\u00fcrekli Geli\u015fim F\u0131rsatlar\u0131                <\/h5>\n                        \t\t  \t<p>E\u011fitim ve seminer programlar\u0131m\u0131zla kariyerinizi bir \u00fcst seviyeye ta\u015f\u0131yoruz.<\/p>\n                                <\/div>\n        \n        \n                <\/div>\n        <\/div>\t\t\t\t<\/div>\n\t\t\t\t<\/div>\n\t\t\t\t\t<\/div>\n\t\t<\/div>\n\t\t\t\t<div class=\"elementor-column elementor-col-25 elementor-top-column elementor-element elementor-element-d13ede2\" data-id=\"d13ede2\" data-element_type=\"column\">\n\t\t\t<div class=\"elementor-widget-wrap elementor-element-populated\">\n\t\t\t\t\t\t<div class=\"elementor-element elementor-element-c265652 ekit-equal-height-disable elementor-widget elementor-widget-elementskit-icon-box\" data-id=\"c265652\" data-element_type=\"widget\" data-widget_type=\"elementskit-icon-box.default\">\n\t\t\t\t<div class=\"elementor-widget-container\">\n\t\t\t\t\t<div class=\"ekit-wid-con\" >        <!-- link opening -->\n                <!-- end link opening -->\n\n        <div class=\"elementskit-infobox text-left text- icon-lef-right-aligin elementor-animation-  gradient-active  hover_from_left\">\n                        <div class=\"box-body\">\n                            <h5 class=\"elementskit-info-box-title\">\n                    Mutluluk Temelli \u00c7al\u0131\u015fma Politikas\u0131                <\/h5>\n                        \t\t  \t<p>Mutlu \u00e7al\u0131\u015fanlar\u0131n ba\u015far\u0131y\u0131 getirdi\u011fine inan\u0131yor, keyifli bir i\u015f ortam\u0131 yarat\u0131yoruz.\"\n<\/p>\n                                <\/div>\n        \n        \n                <\/div>\n        <\/div>\t\t\t\t<\/div>\n\t\t\t\t<\/div>\n\t\t\t\t\t<\/div>\n\t\t<\/div>\n\t\t\t\t\t<\/div>\n\t\t<\/section>\n\t\t\t\t<section class=\"elementor-section elementor-top-section elementor-element elementor-element-2f0e6cc8 elementor-section-full_width elementor-section-height-default elementor-section-height-default\" data-id=\"2f0e6cc8\" data-element_type=\"section\" data-settings=\"{&quot;background_background&quot;:&quot;classic&quot;}\">\n\t\t\t\t\t\t\t<div class=\"elementor-background-overlay\"><\/div>\n\t\t\t\t\t\t\t<div class=\"elementor-container elementor-column-gap-default\">\n\t\t\t\t\t<div class=\"elementor-column elementor-col-100 elementor-top-column elementor-element elementor-element-a8cd330\" data-id=\"a8cd330\" data-element_type=\"column\">\n\t\t\t<div class=\"elementor-widget-wrap elementor-element-populated\">\n\t\t\t\t\t\t<section class=\"elementor-section elementor-inner-section elementor-element elementor-element-651037b7 elementor-section-boxed elementor-section-height-default elementor-section-height-default\" data-id=\"651037b7\" data-element_type=\"section\">\n\t\t\t\t\t\t<div class=\"elementor-container elementor-column-gap-default\">\n\t\t\t\t\t<div class=\"elementor-column elementor-col-100 elementor-inner-column elementor-element elementor-element-588194fb\" data-id=\"588194fb\" data-element_type=\"column\">\n\t\t\t<div class=\"elementor-widget-wrap elementor-element-populated\">\n\t\t\t\t\t\t<div class=\"elementor-element elementor-element-5507f40 elementor-headline--style-highlight elementor-widget elementor-widget-animated-headline\" data-id=\"5507f40\" data-element_type=\"widget\" data-settings=\"{&quot;highlighted_text&quot;:&quot;Kariyer.net &quot;,&quot;headline_style&quot;:&quot;highlight&quot;,&quot;marker&quot;:&quot;circle&quot;,&quot;loop&quot;:&quot;yes&quot;,&quot;highlight_animation_duration&quot;:1200,&quot;highlight_iteration_delay&quot;:8000}\" data-widget_type=\"animated-headline.default\">\n\t\t\t\t<div class=\"elementor-widget-container\">\n\t\t\t\t\t\t\t<h3 class=\"elementor-headline\">\n\t\t\t\t<span class=\"elementor-headline-dynamic-wrapper elementor-headline-text-wrapper\">\n\t\t\t\t\t<span class=\"elementor-headline-dynamic-text elementor-headline-text-active\">Kariyer.net <\/span>\n\t\t\t\t<\/span>\n\t\t\t\t\t<span class=\"elementor-headline-plain-text elementor-headline-text-wrapper\">Platformu \u00dczerinden Ba\u015fvurun!<\/span>\n\t\t\t\t\t<\/h3>\n\t\t\t\t\t\t<\/div>\n\t\t\t\t<\/div>\n\t\t\t\t<div class=\"elementor-element elementor-element-8ec57fa elementor-widget elementor-widget-elementskit-heading\" data-id=\"8ec57fa\" data-element_type=\"widget\" data-widget_type=\"elementskit-heading.default\">\n\t\t\t\t<div class=\"elementor-widget-container\">\n\t\t\t\t\t<div class=\"ekit-wid-con\" ><div class=\"ekit-heading elementskit-section-title-wraper text_center   ekit_heading_tablet-   ekit_heading_mobile-\">\t\t\t\t<div class='ekit-heading__description'>\n\t\t\t\t\t<p><em>Kantech Tar\u0131m olarak, ba\u015far\u0131lar\u0131m\u0131z\u0131n arkas\u0131nda her zaman \u00e7al\u0131\u015fanlar\u0131m\u0131z\u0131n yetene\u011fi ve tutkusu oldu\u011funu biliyoruz. \u0130nsan \u00e7e\u015fitlili\u011fini ve yenilik\u00e7i d\u00fc\u015f\u00fcnceyi destekleyen bir organizasyon k\u00fclt\u00fcr\u00fcyle, i\u015f hayat\u0131n\u0131zda fark yaratmak i\u00e7in do\u011fru yerdesiniz!<\/em><\/p>\n\t\t\t\t<\/div>\n\t\t\t<div class=\"ekit_heading_separetor_wraper ekit_heading_elementskit-border-divider elementskit-style-long\"><div class=\"elementskit-border-divider elementskit-style-long\"><\/div><\/div><\/div><\/div>\t\t\t\t<\/div>\n\t\t\t\t<\/div>\n\t\t\t\t<div class=\"elementor-element elementor-element-b910de5 elementor-widget elementor-widget-elementskit-heading\" data-id=\"b910de5\" data-element_type=\"widget\" data-widget_type=\"elementskit-heading.default\">\n\t\t\t\t<div class=\"elementor-widget-container\">\n\t\t\t\t\t<div class=\"ekit-wid-con\" ><div class=\"ekit-heading elementskit-section-title-wraper text_center   ekit_heading_tablet-   ekit_heading_mobile-\"><h3 class=\"ekit-heading--title elementskit-section-title \"><span><span>Kendi<\/span><\/span> Yolunuzu \u00c7izin!<\/h3>\t\t\t\t<div class='ekit-heading__description'>\n\t\t\t\t\t<p>Kantech ekibine kat\u0131lmak istiyor ancak \u015fu anda size uygun bir pozisyon bulam\u0131yorsan\u0131z, genel ba\u015fvuru yapabilirsiniz. \u00d6zge\u00e7mi\u015finizi <strong><a rel=\"noopener\">info@kantechtarim.com<\/a><\/strong> adresine g\u00f6ndermeniz yeterli. \u0130nsan Kaynaklar\u0131 ekibimiz, uygun bir f\u0131rsat oldu\u011funda sizinle ileti\u015fime ge\u00e7ecektir.<\/p>\n\t\t\t\t<\/div>\n\t\t\t<\/div><\/div>\t\t\t\t<\/div>\n\t\t\t\t<\/div>\n\t\t\t\t\t<\/div>\n\t\t<\/div>\n\t\t\t\t\t<\/div>\n\t\t<\/section>\n\t\t\t\t\t<\/div>\n\t\t<\/div>\n\t\t\t\t\t<\/div>\n\t\t<\/section>\n\t\t\t\t<\/div>\n\t\t","protected":false},"excerpt":{"rendered":"<p>Kariyer Kariyerinizde Yeni Bir Ad\u0131m At\u0131n! Kantech Tar\u0131m olarak, ba\u015far\u0131lar\u0131m\u0131z\u0131n arkas\u0131nda her zaman \u00e7al\u0131\u015fanlar\u0131m\u0131z\u0131n yetene\u011fi ve tutkusu oldu\u011funu biliyoruz. \u0130nsan \u00e7e\u015fitlili\u011fini ve yenilik\u00e7i d\u00fc\u015f\u00fcnceyi destekleyen bir organizasyon k\u00fclt\u00fcr\u00fcyle, i\u015f hayat\u0131n\u0131zda fark yaratmak i\u00e7in do\u011fru yerdesiniz! \u00c7e\u015fitlilik ve Dahil Edicilik Farkl\u0131 bak\u0131\u015f a\u00e7\u0131lar\u0131 ve fikirlerin bir araya geldi\u011fi bir ekip olu\u015fturuyoruz. Liyakat ve \u015eeffafl\u0131k Hak edilenin&hellip; <a class=\"more-link\" href=\"https:\/\/destechsunucu.com\/kantechtarim\/kariyer\/\">Okumaya devam et <span class=\"screen-reader-text\">Kariyer<\/span><\/a><\/p>\n","protected":false},"author":1,"featured_media":0,"parent":0,"menu_order":0,"comment_status":"closed","ping_status":"closed","template":"elementor_header_footer","meta":{"footnotes":""},"class_list":["post-145","page","type-page","status-publish","hentry","entry"],"_links":{"self":[{"href":"https:\/\/destechsunucu.com\/kantechtarim\/wp-json\/wp\/v2\/pages\/145","targetHints":{"allow":["GET"]}}],"collection":[{"href":"https:\/\/destechsunucu.com\/kantechtarim\/wp-json\/wp\/v2\/pages"}],"about":[{"href":"https:\/\/destechsunucu.com\/kantechtarim\/wp-json\/wp\/v2\/types\/page"}],"author":[{"embeddable":true,"href":"https:\/\/destechsunucu.com\/kantechtarim\/wp-json\/wp\/v2\/users\/1"}],"replies":[{"embeddable":true,"href":"https:\/\/destechsunucu.com\/kantechtarim\/wp-json\/wp\/v2\/comments?post=145"}],"version-history":[{"count":10,"href":"https:\/\/destechsunucu.com\/kantechtarim\/wp-json\/wp\/v2\/pages\/145\/revisions"}],"predecessor-version":[{"id":183,"href":"https:\/\/destechsunucu.com\/kantechtarim\/wp-json\/wp\/v2\/pages\/145\/revisions\/183"}],"wp:attachment":[{"href":"https:\/\/destechsunucu.com\/kantechtarim\/wp-json\/wp\/v2\/media?parent=145"}],"curies":[{"name":"wp","href":"https:\/\/api.w.org\/{rel}","templated":true}]}}