{"id":194,"date":"2025-01-29T22:53:14","date_gmt":"2025-01-29T19:53:14","guid":{"rendered":"https:\/\/destechsunucu.com\/kentiahotel\/?page_id=194"},"modified":"2025-02-26T15:35:50","modified_gmt":"2025-02-26T12:35:50","slug":"olanaklarimiz","status":"publish","type":"page","link":"https:\/\/destechsunucu.com\/kentiahotel\/olanaklarimiz\/","title":{"rendered":"Olanaklar\u0131m\u0131z"},"content":{"rendered":"\t\t<div data-elementor-type=\"wp-page\" data-elementor-id=\"194\" class=\"elementor elementor-194\" data-elementor-post-type=\"page\">\n\t\t\t\t<div class=\"elementor-element elementor-element-8b67123 e-flex e-con-boxed e-con e-parent\" data-id=\"8b67123\" data-element_type=\"container\" data-settings=\"{&quot;background_background&quot;:&quot;classic&quot;}\">\n\t\t\t\t\t<div class=\"e-con-inner\">\n\t\t<div class=\"elementor-element elementor-element-755ded63 e-con-full e-flex e-con e-child\" data-id=\"755ded63\" data-element_type=\"container\">\n\t\t\t\t<div class=\"elementor-element elementor-element-3a98ff1b elementor-widget elementor-widget-heading\" data-id=\"3a98ff1b\" data-element_type=\"widget\" data-widget_type=\"heading.default\">\n\t\t\t\t<div class=\"elementor-widget-container\">\n\t\t\t\t\t<h1 class=\"elementor-heading-title elementor-size-default\">Olanaklar\u0131m\u0131z<\/h1>\t\t\t\t<\/div>\n\t\t\t\t<\/div>\n\t\t\t\t<div class=\"elementor-element elementor-element-3ab2f7fc elementor-icon-list--layout-inline elementor-list-item-link-full_width elementor-widget elementor-widget-icon-list\" data-id=\"3ab2f7fc\" data-element_type=\"widget\" data-widget_type=\"icon-list.default\">\n\t\t\t\t<div class=\"elementor-widget-container\">\n\t\t\t\t\t\t\t<ul class=\"elementor-icon-list-items elementor-inline-items\">\n\t\t\t\t\t\t\t<li class=\"elementor-icon-list-item elementor-inline-item\">\n\t\t\t\t\t\t\t\t\t\t\t<a href=\"#\">\n\n\t\t\t\t\t\t\t\t\t\t\t<span class=\"elementor-icon-list-text\">Ana Sayfa<\/span>\n\t\t\t\t\t\t\t\t\t\t\t<\/a>\n\t\t\t\t\t\t\t\t\t<\/li>\n\t\t\t\t\t\t\t\t<li class=\"elementor-icon-list-item elementor-inline-item\">\n\t\t\t\t\t\t\t\t\t\t\t<a href=\"#\">\n\n\t\t\t\t\t\t\t\t\t\t\t\t<span class=\"elementor-icon-list-icon\">\n\t\t\t\t\t\t\t<i aria-hidden=\"true\" class=\"icon icon-right-arrow\"><\/i>\t\t\t\t\t\t<\/span>\n\t\t\t\t\t\t\t\t\t\t<span class=\"elementor-icon-list-text\">Olanaklar\u0131m\u0131z<\/span>\n\t\t\t\t\t\t\t\t\t\t\t<\/a>\n\t\t\t\t\t\t\t\t\t<\/li>\n\t\t\t\t\t\t<\/ul>\n\t\t\t\t\t\t<\/div>\n\t\t\t\t<\/div>\n\t\t\t\t<\/div>\n\t\t\t\t\t<\/div>\n\t\t\t\t<\/div>\n\t\t<div class=\"elementor-element elementor-element-6cae0d0a e-flex e-con-boxed e-con e-parent\" data-id=\"6cae0d0a\" data-element_type=\"container\">\n\t\t\t\t\t<div class=\"e-con-inner\">\n\t\t<div class=\"elementor-element elementor-element-7fabb525 e-con-full e-flex e-con e-child\" data-id=\"7fabb525\" data-element_type=\"container\">\n\t\t\t\t<div class=\"elementor-element elementor-element-44ceb627 elementor-view-framed elementor-shape-circle elementor-widget elementor-widget-icon\" data-id=\"44ceb627\" data-element_type=\"widget\" data-widget_type=\"icon.default\">\n\t\t\t\t<div class=\"elementor-widget-container\">\n\t\t\t\t\t\t\t<div class=\"elementor-icon-wrapper\">\n\t\t\t<div class=\"elementor-icon\">\n\t\t\t<i aria-hidden=\"true\" class=\"icon icon-star2\"><\/i>\t\t\t<\/div>\n\t\t<\/div>\n\t\t\t\t\t\t<\/div>\n\t\t\t\t<\/div>\n\t\t\t\t<div class=\"elementor-element elementor-element-6c0cac86 elementor-widget elementor-widget-heading\" data-id=\"6c0cac86\" data-element_type=\"widget\" data-widget_type=\"heading.default\">\n\t\t\t\t<div class=\"elementor-widget-container\">\n\t\t\t\t\t<h6 class=\"elementor-heading-title elementor-size-default\">Olanaklar\u0131m\u0131z<\/h6>\t\t\t\t<\/div>\n\t\t\t\t<\/div>\n\t\t\t\t<div class=\"elementor-element elementor-element-21102ad5 elementor-invisible elementor-widget elementor-widget-heading\" data-id=\"21102ad5\" data-element_type=\"widget\" data-settings=\"{&quot;_animation&quot;:&quot;fadeInUp&quot;}\" data-widget_type=\"heading.default\">\n\t\t\t\t<div class=\"elementor-widget-container\">\n\t\t\t\t\t<h2 class=\"elementor-heading-title elementor-size-default\">Rahatlay\u0131n, E\u011flenin ve Tatilin Tad\u0131n\u0131 \u00c7\u0131kar\u0131n!<\/h2>\t\t\t\t<\/div>\n\t\t\t\t<\/div>\n\t\t\t\t<div class=\"elementor-element elementor-element-198d1d8a elementor-widget__width-initial elementor-widget-tablet__width-inherit elementor-widget elementor-widget-text-editor\" data-id=\"198d1d8a\" data-element_type=\"widget\" data-widget_type=\"text-editor.default\">\n\t\t\t\t<div class=\"elementor-widget-container\">\n\t\t\t\t\t\t\t\t\t<p>Konforunuz ve keyifli bir tatil ge\u00e7irmeniz i\u00e7in Kentia Apartments\u2019ta birbirinden \u00f6zel olanaklar sunuyoruz. E\u011flence, dinlenme ve sa\u011fl\u0131kl\u0131 ya\u015fam i\u00e7in her detay\u0131 d\u00fc\u015f\u00fcnd\u00fck!<\/p>\t\t\t\t\t\t\t\t<\/div>\n\t\t\t\t<\/div>\n\t\t\t\t<div class=\"elementor-element elementor-element-3ac92176 elementor-widget elementor-widget-spacer\" data-id=\"3ac92176\" data-element_type=\"widget\" data-widget_type=\"spacer.default\">\n\t\t\t\t<div class=\"elementor-widget-container\">\n\t\t\t\t\t\t\t<div class=\"elementor-spacer\">\n\t\t\t<div class=\"elementor-spacer-inner\"><\/div>\n\t\t<\/div>\n\t\t\t\t\t\t<\/div>\n\t\t\t\t<\/div>\n\t\t\t\t<\/div>\n\t\t\t\t\t<\/div>\n\t\t\t\t<\/div>\n\t\t<div class=\"elementor-element elementor-element-d00ec73 e-grid e-con-boxed e-con e-parent\" data-id=\"d00ec73\" data-element_type=\"container\">\n\t\t\t\t\t<div class=\"e-con-inner\">\n\t\t\t\t<div class=\"elementor-element elementor-element-7d653b0 elementor-widget elementor-widget-elementskit-image-box\" data-id=\"7d653b0\" data-element_type=\"widget\" data-widget_type=\"elementskit-image-box.default\">\n\t\t\t\t<div class=\"elementor-widget-container\">\n\t\t\t\t\t<div class=\"ekit-wid-con\" >\n            <div class=\"elementskit-info-image-box ekit-image-box text-center floating-style\" >\n\n                \n                <div class=\"elementskit-box-header image-box-img-center\">\n\n                    <img fetchpriority=\"high\" decoding=\"async\" width=\"940\" height=\"344\" src=\"https:\/\/destechsunucu.com\/kentiahotel\/wp-content\/uploads\/2025\/02\/havuz-1.jpg\" class=\"attachment-full size-full wp-image-443\" alt=\"\" srcset=\"https:\/\/destechsunucu.com\/kentiahotel\/wp-content\/uploads\/2025\/02\/havuz-1.jpg 940w, https:\/\/destechsunucu.com\/kentiahotel\/wp-content\/uploads\/2025\/02\/havuz-1-300x110.jpg 300w, https:\/\/destechsunucu.com\/kentiahotel\/wp-content\/uploads\/2025\/02\/havuz-1-768x281.jpg 768w\" sizes=\"(max-width: 940px) 100vw, 940px\" \/>\n                <\/div>\n                \n                <div class=\"elementskit-box-body ekit-image-box-body\">\n                    <div class=\"elementskit-box-content ekit-image-box-body-inner\">\n                                                <h3 class=\"elementskit-info-box-title\">\n\n                        \n                            \n                        Havuz Ba\u015f\u0131 Aktiviteleri\n                        \n                    <\/h3>\n                                                        <\/div>\n\n                            <\/div>\n            <\/div>\n    <\/div>\t\t\t\t<\/div>\n\t\t\t\t<\/div>\n\t\t\t\t<div class=\"elementor-element elementor-element-a9e99b5 elementor-widget elementor-widget-elementskit-image-box\" data-id=\"a9e99b5\" data-element_type=\"widget\" data-widget_type=\"elementskit-image-box.default\">\n\t\t\t\t<div class=\"elementor-widget-container\">\n\t\t\t\t\t<div class=\"ekit-wid-con\" >\n            <div class=\"elementskit-info-image-box ekit-image-box text-center floating-style\" >\n\n                \n                <div class=\"elementskit-box-header image-box-img-center\">\n\n                    <img decoding=\"async\" width=\"940\" height=\"344\" src=\"https:\/\/destechsunucu.com\/kentiahotel\/wp-content\/uploads\/2025\/01\/9686.jpg\" class=\"attachment-full size-full wp-image-124\" alt=\"\" srcset=\"https:\/\/destechsunucu.com\/kentiahotel\/wp-content\/uploads\/2025\/01\/9686.jpg 940w, https:\/\/destechsunucu.com\/kentiahotel\/wp-content\/uploads\/2025\/01\/9686-300x110.jpg 300w, https:\/\/destechsunucu.com\/kentiahotel\/wp-content\/uploads\/2025\/01\/9686-768x281.jpg 768w\" sizes=\"(max-width: 940px) 100vw, 940px\" \/>\n                <\/div>\n                \n                <div class=\"elementskit-box-body ekit-image-box-body\">\n                    <div class=\"elementskit-box-content ekit-image-box-body-inner\">\n                                                <h3 class=\"elementskit-info-box-title\">\n\n                        \n                            \n                        Fitness Salonu\n                        \n                    <\/h3>\n                                                        <\/div>\n\n                            <\/div>\n            <\/div>\n    <\/div>\t\t\t\t<\/div>\n\t\t\t\t<\/div>\n\t\t\t\t<div class=\"elementor-element elementor-element-3dd23ff elementor-widget elementor-widget-elementskit-image-box\" data-id=\"3dd23ff\" data-element_type=\"widget\" data-widget_type=\"elementskit-image-box.default\">\n\t\t\t\t<div class=\"elementor-widget-container\">\n\t\t\t\t\t<div class=\"ekit-wid-con\" >\n            <div class=\"elementskit-info-image-box ekit-image-box text-center floating-style\" >\n\n                \n                <div class=\"elementskit-box-header image-box-img-center\">\n\n                    <img decoding=\"async\" width=\"940\" height=\"344\" src=\"https:\/\/destechsunucu.com\/kentiahotel\/wp-content\/uploads\/2025\/01\/9702.jpg\" class=\"attachment-full size-full wp-image-125\" alt=\"\" srcset=\"https:\/\/destechsunucu.com\/kentiahotel\/wp-content\/uploads\/2025\/01\/9702.jpg 940w, https:\/\/destechsunucu.com\/kentiahotel\/wp-content\/uploads\/2025\/01\/9702-300x110.jpg 300w, https:\/\/destechsunucu.com\/kentiahotel\/wp-content\/uploads\/2025\/01\/9702-768x281.jpg 768w\" sizes=\"(max-width: 940px) 100vw, 940px\" \/>\n                <\/div>\n                \n                <div class=\"elementskit-box-body ekit-image-box-body\">\n                    <div class=\"elementskit-box-content ekit-image-box-body-inner\">\n                                                <h3 class=\"elementskit-info-box-title\">\n\n                        \n                            \n                        \u00c7ocuk Kul\u00fcb\u00fc\n                        \n                    <\/h3>\n                                                        <\/div>\n\n                            <\/div>\n            <\/div>\n    <\/div>\t\t\t\t<\/div>\n\t\t\t\t<\/div>\n\t\t\t\t<div class=\"elementor-element elementor-element-c36c861 elementor-widget elementor-widget-elementskit-image-box\" data-id=\"c36c861\" data-element_type=\"widget\" data-widget_type=\"elementskit-image-box.default\">\n\t\t\t\t<div class=\"elementor-widget-container\">\n\t\t\t\t\t<div class=\"ekit-wid-con\" >\n            <div class=\"elementskit-info-image-box ekit-image-box text-center floating-style\" >\n\n                \n                <div class=\"elementskit-box-header image-box-img-center\">\n\n                    <img loading=\"lazy\" decoding=\"async\" width=\"940\" height=\"344\" src=\"https:\/\/destechsunucu.com\/kentiahotel\/wp-content\/uploads\/2025\/02\/9700-1.jpg\" class=\"attachment-full size-full wp-image-441\" alt=\"\" srcset=\"https:\/\/destechsunucu.com\/kentiahotel\/wp-content\/uploads\/2025\/02\/9700-1.jpg 940w, https:\/\/destechsunucu.com\/kentiahotel\/wp-content\/uploads\/2025\/02\/9700-1-300x110.jpg 300w, https:\/\/destechsunucu.com\/kentiahotel\/wp-content\/uploads\/2025\/02\/9700-1-768x281.jpg 768w\" sizes=\"(max-width: 940px) 100vw, 940px\" \/>\n                <\/div>\n                \n                <div class=\"elementskit-box-body ekit-image-box-body\">\n                    <div class=\"elementskit-box-content ekit-image-box-body-inner\">\n                                                <h3 class=\"elementskit-info-box-title\">\n\n                        \n                            \n                        T\u00fcrk Hamam\u0131 ve Spa\n                        \n                    <\/h3>\n                                                        <\/div>\n\n                            <\/div>\n            <\/div>\n    <\/div>\t\t\t\t<\/div>\n\t\t\t\t<\/div>\n\t\t\t\t\t<\/div>\n\t\t\t\t<\/div>\n\t\t\t\t<\/div>\n\t\t","protected":false},"excerpt":{"rendered":"<p>Olanaklar\u0131m\u0131z Ana Sayfa Olanaklar\u0131m\u0131z Olanaklar\u0131m\u0131z Rahatlay\u0131n, E\u011flenin ve Tatilin Tad\u0131n\u0131 \u00c7\u0131kar\u0131n! Konforunuz ve keyifli bir tatil ge\u00e7irmeniz i\u00e7in Kentia Apartments\u2019ta birbirinden \u00f6zel olanaklar sunuyoruz. E\u011flence, dinlenme ve sa\u011fl\u0131kl\u0131 ya\u015fam i\u00e7in her detay\u0131 d\u00fc\u015f\u00fcnd\u00fck! Havuz Ba\u015f\u0131 Aktiviteleri Fitness Salonu \u00c7ocuk Kul\u00fcb\u00fc T\u00fcrk Hamam\u0131 ve Spa<\/p>\n","protected":false},"author":1,"featured_media":0,"parent":0,"menu_order":0,"comment_status":"closed","ping_status":"closed","template":"elementor_header_footer","meta":{"footnotes":""},"class_list":["post-194","page","type-page","status-publish","hentry"],"_links":{"self":[{"href":"https:\/\/destechsunucu.com\/kentiahotel\/wp-json\/wp\/v2\/pages\/194","targetHints":{"allow":["GET"]}}],"collection":[{"href":"https:\/\/destechsunucu.com\/kentiahotel\/wp-json\/wp\/v2\/pages"}],"about":[{"href":"https:\/\/destechsunucu.com\/kentiahotel\/wp-json\/wp\/v2\/types\/page"}],"author":[{"embeddable":true,"href":"https:\/\/destechsunucu.com\/kentiahotel\/wp-json\/wp\/v2\/users\/1"}],"replies":[{"embeddable":true,"href":"https:\/\/destechsunucu.com\/kentiahotel\/wp-json\/wp\/v2\/comments?post=194"}],"version-history":[{"count":19,"href":"https:\/\/destechsunucu.com\/kentiahotel\/wp-json\/wp\/v2\/pages\/194\/revisions"}],"predecessor-version":[{"id":446,"href":"https:\/\/destechsunucu.com\/kentiahotel\/wp-json\/wp\/v2\/pages\/194\/revisions\/446"}],"wp:attachment":[{"href":"https:\/\/destechsunucu.com\/kentiahotel\/wp-json\/wp\/v2\/media?parent=194"}],"curies":[{"name":"wp","href":"https:\/\/api.w.org\/{rel}","templated":true}]}}