{"id":450,"date":"2025-02-26T15:40:41","date_gmt":"2025-02-26T12:40:41","guid":{"rendered":"https:\/\/destechsunucu.com\/kentiahotel\/?page_id=450"},"modified":"2025-03-21T12:39:08","modified_gmt":"2025-03-21T09:39:08","slug":"gastronomi","status":"publish","type":"page","link":"https:\/\/destechsunucu.com\/kentiahotel\/gastronomi\/","title":{"rendered":"Gastronomi"},"content":{"rendered":"\t\t<div data-elementor-type=\"wp-page\" data-elementor-id=\"450\" class=\"elementor elementor-450\" data-elementor-post-type=\"page\">\n\t\t\t\t<div class=\"elementor-element elementor-element-8b67123 e-flex e-con-boxed e-con e-parent\" data-id=\"8b67123\" data-element_type=\"container\" data-settings=\"{&quot;background_background&quot;:&quot;classic&quot;}\">\n\t\t\t\t\t<div class=\"e-con-inner\">\n\t\t<div class=\"elementor-element elementor-element-755ded63 e-con-full e-flex e-con e-child\" data-id=\"755ded63\" data-element_type=\"container\">\n\t\t\t\t<div class=\"elementor-element elementor-element-3a98ff1b elementor-widget elementor-widget-heading\" data-id=\"3a98ff1b\" data-element_type=\"widget\" data-widget_type=\"heading.default\">\n\t\t\t\t<div class=\"elementor-widget-container\">\n\t\t\t\t\t<h1 class=\"elementor-heading-title elementor-size-default\">Gastronomi<\/h1>\t\t\t\t<\/div>\n\t\t\t\t<\/div>\n\t\t\t\t<div class=\"elementor-element elementor-element-3ab2f7fc elementor-icon-list--layout-inline elementor-list-item-link-full_width elementor-widget elementor-widget-icon-list\" data-id=\"3ab2f7fc\" data-element_type=\"widget\" data-widget_type=\"icon-list.default\">\n\t\t\t\t<div class=\"elementor-widget-container\">\n\t\t\t\t\t\t\t<ul class=\"elementor-icon-list-items elementor-inline-items\">\n\t\t\t\t\t\t\t<li class=\"elementor-icon-list-item elementor-inline-item\">\n\t\t\t\t\t\t\t\t\t\t\t<a href=\"#\">\n\n\t\t\t\t\t\t\t\t\t\t\t<span class=\"elementor-icon-list-text\">Ana Sayfa<\/span>\n\t\t\t\t\t\t\t\t\t\t\t<\/a>\n\t\t\t\t\t\t\t\t\t<\/li>\n\t\t\t\t\t\t\t\t<li class=\"elementor-icon-list-item elementor-inline-item\">\n\t\t\t\t\t\t\t\t\t\t\t<a href=\"#\">\n\n\t\t\t\t\t\t\t\t\t\t\t\t<span class=\"elementor-icon-list-icon\">\n\t\t\t\t\t\t\t<i aria-hidden=\"true\" class=\"icon icon-right-arrow\"><\/i>\t\t\t\t\t\t<\/span>\n\t\t\t\t\t\t\t\t\t\t<span class=\"elementor-icon-list-text\">Gastronomi<\/span>\n\t\t\t\t\t\t\t\t\t\t\t<\/a>\n\t\t\t\t\t\t\t\t\t<\/li>\n\t\t\t\t\t\t<\/ul>\n\t\t\t\t\t\t<\/div>\n\t\t\t\t<\/div>\n\t\t\t\t<\/div>\n\t\t\t\t\t<\/div>\n\t\t\t\t<\/div>\n\t\t<div class=\"elementor-element elementor-element-6cae0d0a e-flex e-con-boxed e-con e-parent\" data-id=\"6cae0d0a\" data-element_type=\"container\">\n\t\t\t\t\t<div class=\"e-con-inner\">\n\t\t<div class=\"elementor-element elementor-element-7fabb525 e-con-full e-flex e-con e-child\" data-id=\"7fabb525\" data-element_type=\"container\">\n\t\t\t\t<div class=\"elementor-element elementor-element-44ceb627 elementor-view-framed elementor-shape-circle elementor-widget elementor-widget-icon\" data-id=\"44ceb627\" data-element_type=\"widget\" data-widget_type=\"icon.default\">\n\t\t\t\t<div class=\"elementor-widget-container\">\n\t\t\t\t\t\t\t<div class=\"elementor-icon-wrapper\">\n\t\t\t<div class=\"elementor-icon\">\n\t\t\t<i aria-hidden=\"true\" class=\"icon icon-star2\"><\/i>\t\t\t<\/div>\n\t\t<\/div>\n\t\t\t\t\t\t<\/div>\n\t\t\t\t<\/div>\n\t\t\t\t<div class=\"elementor-element elementor-element-6c0cac86 elementor-widget elementor-widget-heading\" data-id=\"6c0cac86\" data-element_type=\"widget\" data-widget_type=\"heading.default\">\n\t\t\t\t<div class=\"elementor-widget-container\">\n\t\t\t\t\t<h6 class=\"elementor-heading-title elementor-size-default\">Gastronomi<\/h6>\t\t\t\t<\/div>\n\t\t\t\t<\/div>\n\t\t\t\t<div class=\"elementor-element elementor-element-21102ad5 elementor-invisible elementor-widget elementor-widget-heading\" data-id=\"21102ad5\" data-element_type=\"widget\" data-settings=\"{&quot;_animation&quot;:&quot;fadeInUp&quot;}\" data-widget_type=\"heading.default\">\n\t\t\t\t<div class=\"elementor-widget-container\">\n\t\t\t\t\t<h2 class=\"elementor-heading-title elementor-size-default\">Lezzetin ve Zarafetin Bulu\u015ftu\u011fu Nokta\n\n<\/h2>\t\t\t\t<\/div>\n\t\t\t\t<\/div>\n\t\t\t\t<div class=\"elementor-element elementor-element-198d1d8a elementor-widget__width-initial elementor-widget-tablet__width-inherit elementor-widget elementor-widget-text-editor\" data-id=\"198d1d8a\" data-element_type=\"widget\" data-widget_type=\"text-editor.default\">\n\t\t\t\t<div class=\"elementor-widget-container\">\n\t\t\t\t\t\t\t\t\t<p data-start=\"86\" data-end=\"358\">Kentia Angel \u00c0 La Carte Restaurant, uluslararas\u0131 mutfaklar\u0131n se\u00e7kin tatlar\u0131n\u0131 ve geleneksel T\u00fcrk lezzetlerini zarif bir atmosferde bir araya getiriyor. Havuz manzaras\u0131 ve lo\u015f \u0131\u015f\u0131klarla s\u00fcslenmi\u015f \u015f\u0131k dekorasyonu, konuklar\u0131na huzurlu ve keyifli bir yemek deneyimi sunuyor.<\/p><p data-start=\"360\" data-end=\"674\">Geni\u015f oturma alan\u0131na sahip restoran\u0131m\u0131zda, \u00fc\u00e7 \u00f6zel yemek b\u00f6l\u00fcm\u00fc ile misafirlerimize ayr\u0131cal\u0131kl\u0131 bir ortam sa\u011fl\u0131yoruz. G\u00fcler y\u00fczl\u00fc ve profesyonel ekibimiz, her yeme\u011fi \u00f6zenle haz\u0131rlayarak kusursuz bir sunum e\u015fli\u011finde sizlere ula\u015ft\u0131r\u0131yor. Unutulmaz bir gastronomi deneyimi i\u00e7in Kentia Angel\u2019da yerinizi ay\u0131rt\u0131n!<\/p>\t\t\t\t\t\t\t\t<\/div>\n\t\t\t\t<\/div>\n\t\t\t\t<div class=\"elementor-element elementor-element-3ac92176 elementor-widget elementor-widget-spacer\" data-id=\"3ac92176\" data-element_type=\"widget\" data-widget_type=\"spacer.default\">\n\t\t\t\t<div class=\"elementor-widget-container\">\n\t\t\t\t\t\t\t<div class=\"elementor-spacer\">\n\t\t\t<div class=\"elementor-spacer-inner\"><\/div>\n\t\t<\/div>\n\t\t\t\t\t\t<\/div>\n\t\t\t\t<\/div>\n\t\t\t\t<\/div>\n\t\t\t\t\t<\/div>\n\t\t\t\t<\/div>\n\t\t<div class=\"elementor-element elementor-element-7269b36 e-grid e-con-full e-con e-parent\" data-id=\"7269b36\" data-element_type=\"container\">\n\t\t\t\t<div class=\"elementor-element elementor-element-a490068 elementor-cta--skin-classic elementor-animated-content elementor-bg-transform elementor-bg-transform-zoom-in elementor-widget elementor-widget-call-to-action\" data-id=\"a490068\" data-element_type=\"widget\" data-widget_type=\"call-to-action.default\">\n\t\t\t\t<div class=\"elementor-widget-container\">\n\t\t\t\t\t\t\t<div class=\"elementor-cta\">\n\t\t\t\t\t<div class=\"elementor-cta__bg-wrapper\">\n\t\t\t\t<div class=\"elementor-cta__bg elementor-bg\" style=\"background-image: url(https:\/\/destechsunucu.com\/kentiahotel\/wp-content\/uploads\/2025\/01\/KadirNasreddin-GCW-136-1024x768.jpg);\" role=\"img\" aria-label=\"\"><\/div>\n\t\t\t\t<div class=\"elementor-cta__bg-overlay\"><\/div>\n\t\t\t<\/div>\n\t\t\t\t\t\t\t<div class=\"elementor-cta__content\">\n\t\t\t\t\n\t\t\t\t\t\t\t\t\t<h2 class=\"elementor-cta__title elementor-cta__content-item elementor-content-item\">\n\t\t\t\t\t\tAna B\u00f6l\u00fcm\t\t\t\t\t<\/h2>\n\t\t\t\t\n\t\t\t\t\t\t\t\t\t<div class=\"elementor-cta__description elementor-cta__content-item elementor-content-item\">\n\t\t\t\t\t\tE\u015fsiz T\u00fcrk ve D\u00fcnya Mutfa\u011f\u0131 Lezzetleri\n\n\t\t\t\t\t<\/div>\n\t\t\t\t\n\t\t\t\t\t\t\t<\/div>\n\t\t\t\t\t\t<\/div>\n\t\t\t\t\t\t<\/div>\n\t\t\t\t<\/div>\n\t\t\t\t<div class=\"elementor-element elementor-element-c50e897 elementor-cta--skin-classic elementor-animated-content elementor-bg-transform elementor-bg-transform-zoom-in elementor-widget elementor-widget-call-to-action\" data-id=\"c50e897\" data-element_type=\"widget\" data-widget_type=\"call-to-action.default\">\n\t\t\t\t<div class=\"elementor-widget-container\">\n\t\t\t\t\t\t\t<div class=\"elementor-cta\">\n\t\t\t\t\t<div class=\"elementor-cta__bg-wrapper\">\n\t\t\t\t<div class=\"elementor-cta__bg elementor-bg\" style=\"background-image: url(https:\/\/destechsunucu.com\/kentiahotel\/wp-content\/uploads\/2025\/01\/KadirNasreddin-GCW-41-1024x768.jpg);\" role=\"img\" aria-label=\"\"><\/div>\n\t\t\t\t<div class=\"elementor-cta__bg-overlay\"><\/div>\n\t\t\t<\/div>\n\t\t\t\t\t\t\t<div class=\"elementor-cta__content\">\n\t\t\t\t\n\t\t\t\t\t\t\t\t\t<h2 class=\"elementor-cta__title elementor-cta__content-item elementor-content-item\">\n\t\t\t\t\t\tKapal\u0131 B\u00f6l\u00fcm\t\t\t\t\t<\/h2>\n\t\t\t\t\n\t\t\t\t\t\t\t\t\t<div class=\"elementor-cta__description elementor-cta__content-item elementor-content-item\">\n\t\t\t\t\t\tE\u015fsiz T\u00fcrk ve D\u00fcnya Mutfa\u011f\u0131 Lezzetleri\n\n\t\t\t\t\t<\/div>\n\t\t\t\t\n\t\t\t\t\t\t\t<\/div>\n\t\t\t\t\t\t<\/div>\n\t\t\t\t\t\t<\/div>\n\t\t\t\t<\/div>\n\t\t\t\t<div class=\"elementor-element elementor-element-cf66c2c elementor-cta--skin-classic elementor-animated-content elementor-bg-transform elementor-bg-transform-zoom-in elementor-widget elementor-widget-call-to-action\" data-id=\"cf66c2c\" data-element_type=\"widget\" data-widget_type=\"call-to-action.default\">\n\t\t\t\t<div class=\"elementor-widget-container\">\n\t\t\t\t\t\t\t<div class=\"elementor-cta\">\n\t\t\t\t\t<div class=\"elementor-cta__bg-wrapper\">\n\t\t\t\t<div class=\"elementor-cta__bg elementor-bg\" style=\"background-image: url(https:\/\/destechsunucu.com\/kentiahotel\/wp-content\/uploads\/2025\/01\/Adsiz-tasarim-47-1024x683.jpg);\" role=\"img\" aria-label=\"Ads\u0131z tasar\u0131m (47)\"><\/div>\n\t\t\t\t<div class=\"elementor-cta__bg-overlay\"><\/div>\n\t\t\t<\/div>\n\t\t\t\t\t\t\t<div class=\"elementor-cta__content\">\n\t\t\t\t\n\t\t\t\t\t\t\t\t\t<h2 class=\"elementor-cta__title elementor-cta__content-item elementor-content-item\">\n\t\t\t\t\t\tLounge B\u00f6l\u00fcm\t\t\t\t\t<\/h2>\n\t\t\t\t\n\t\t\t\t\t\t\t\t\t<div class=\"elementor-cta__description elementor-cta__content-item elementor-content-item\">\n\t\t\t\t\t\tE\u015fsiz T\u00fcrk ve D\u00fcnya Mutfa\u011f\u0131 Lezzetleri\n\n\t\t\t\t\t<\/div>\n\t\t\t\t\n\t\t\t\t\t\t\t<\/div>\n\t\t\t\t\t\t<\/div>\n\t\t\t\t\t\t<\/div>\n\t\t\t\t<\/div>\n\t\t\t\t<\/div>\n\t\t\t\t<\/div>\n\t\t","protected":false},"excerpt":{"rendered":"<p>Gastronomi Ana Sayfa Gastronomi Gastronomi Lezzetin ve Zarafetin Bulu\u015ftu\u011fu Nokta Kentia Angel \u00c0 La Carte Restaurant, uluslararas\u0131 mutfaklar\u0131n se\u00e7kin tatlar\u0131n\u0131 ve geleneksel T\u00fcrk lezzetlerini zarif bir atmosferde bir araya getiriyor. Havuz manzaras\u0131 ve lo\u015f \u0131\u015f\u0131klarla s\u00fcslenmi\u015f \u015f\u0131k dekorasyonu, konuklar\u0131na huzurlu ve keyifli bir yemek deneyimi sunuyor. Geni\u015f oturma alan\u0131na sahip restoran\u0131m\u0131zda, \u00fc\u00e7 \u00f6zel yemek b\u00f6l\u00fcm\u00fc [&hellip;]<\/p>\n","protected":false},"author":1,"featured_media":0,"parent":0,"menu_order":0,"comment_status":"closed","ping_status":"closed","template":"elementor_header_footer","meta":{"footnotes":""},"class_list":["post-450","page","type-page","status-publish","hentry"],"_links":{"self":[{"href":"https:\/\/destechsunucu.com\/kentiahotel\/wp-json\/wp\/v2\/pages\/450","targetHints":{"allow":["GET"]}}],"collection":[{"href":"https:\/\/destechsunucu.com\/kentiahotel\/wp-json\/wp\/v2\/pages"}],"about":[{"href":"https:\/\/destechsunucu.com\/kentiahotel\/wp-json\/wp\/v2\/types\/page"}],"author":[{"embeddable":true,"href":"https:\/\/destechsunucu.com\/kentiahotel\/wp-json\/wp\/v2\/users\/1"}],"replies":[{"embeddable":true,"href":"https:\/\/destechsunucu.com\/kentiahotel\/wp-json\/wp\/v2\/comments?post=450"}],"version-history":[{"count":14,"href":"https:\/\/destechsunucu.com\/kentiahotel\/wp-json\/wp\/v2\/pages\/450\/revisions"}],"predecessor-version":[{"id":668,"href":"https:\/\/destechsunucu.com\/kentiahotel\/wp-json\/wp\/v2\/pages\/450\/revisions\/668"}],"wp:attachment":[{"href":"https:\/\/destechsunucu.com\/kentiahotel\/wp-json\/wp\/v2\/media?parent=450"}],"curies":[{"name":"wp","href":"https:\/\/api.w.org\/{rel}","templated":true}]}}